{"id":79,"date":"2016-01-12T15:19:33","date_gmt":"2016-01-12T15:19:33","guid":{"rendered":"http:\/\/ensemblepouremerainville.fr\/?page_id=79"},"modified":"2026-02-12T20:09:15","modified_gmt":"2026-02-12T19:09:15","slug":"contact","status":"publish","type":"page","link":"https:\/\/ensemblepouremerainville.fr\/?page_id=79","title":{"rendered":"Contact"},"content":{"rendered":"<h1><span style=\"font-family: helvetica, arial, sans-serif; font-size: 14pt;\"><strong>N&rsquo;h\u00e9siter pas \u00e0 nous contacter<\/strong><\/span><\/h1>\n<h1><span style=\"font-family: helvetica, arial, sans-serif; font-size: 12pt; color: #999999;\">Nous sommes \u00e0 votre \u00e9coute.<\/span><\/h1>\n<div class='fluentform ff-default fluentform_wrapper_1 ffs_default_wrap'><form data-form_id=\"1\" id=\"fluentform_1\" class=\"frm-fluent-form fluent_form_1 ff-el-form-top ff_form_instance_1_1 ff-form-loading ffs_default\" data-form_instance=\"ff_form_instance_1_1\" method=\"POST\" ><fieldset  style=\"border: none!important;margin: 0!important;padding: 0!important;background-color: transparent!important;box-shadow: none!important;outline: none!important; min-inline-size: 100%;\">\n                    <legend class=\"ff_screen_reader_title\" style=\"display: block; margin: 0!important;padding: 0!important;height: 0!important;text-indent: -999999px;width: 0!important;overflow:hidden;\">Contact Form Demo<\/legend><p style=\"display: none !important;\" class=\"akismet-fields-container\" data-prefix=\"ak_\"><label>&#916;<textarea name=\"ak_hp_textarea\" cols=\"45\" rows=\"8\" maxlength=\"100\"><\/textarea><\/label><input type=\"hidden\" id=\"ak_js_1\" name=\"ak_js\" value=\"53\"\/><script type=\"text\/javascript\">\n\/* <![CDATA[ *\/\ndocument.getElementById( \"ak_js_1\" ).setAttribute( \"value\", ( new Date() ).getTime() );\n\/* ]]> *\/\n<\/script>\n<\/p><input type='hidden' name='__fluent_form_embded_post_id' value='79' \/><input type=\"hidden\" id=\"_fluentform_1_fluentformnonce\" name=\"_fluentform_1_fluentformnonce\" value=\"9111f5c908\" \/><input type=\"hidden\" name=\"_wp_http_referer\" value=\"\/index.php?rest_route=%2Fwp%2Fv2%2Fpages%2F79\" \/><div data-type=\"name-element\" data-name=\"names\" class=\" ff-field_container ff-name-field-wrapper\" ><div class='ff-t-container'><div class='ff-t-cell '><div class='ff-el-group'><div class=\"ff-el-input--label ff-el-is-required asterisk-right\"><label for='ff_1_names_first_name_' id='label_ff_1_names_first_name_' >Pr\u00e9nom<\/label><\/div><div class='ff-el-input--content'><input type=\"text\" name=\"names[first_name]\" id=\"ff_1_names_first_name_\" class=\"ff-el-form-control\" aria-invalid=\"false\" aria-required=true><\/div><\/div><\/div><div class='ff-t-cell '><div class='ff-el-group'><div class=\"ff-el-input--label ff-el-is-required asterisk-right\"><label for='ff_1_names_last_name_' id='label_ff_1_names_last_name_' >Nom<\/label><\/div><div class='ff-el-input--content'><input type=\"text\" name=\"names[last_name]\" id=\"ff_1_names_last_name_\" class=\"ff-el-form-control\" aria-invalid=\"false\" aria-required=true><\/div><\/div><\/div><\/div><\/div><div class='ff-el-group'><div class=\"ff-el-input--label ff-el-is-required asterisk-right\"><label for='ff_1_email' id='label_ff_1_email' aria-label=\"Email\">Email<\/label><\/div><div class='ff-el-input--content'><input type=\"email\" name=\"email\" id=\"ff_1_email\" class=\"ff-el-form-control\" placeholder=\"Votre adresse e-mail\" data-name=\"email\"  aria-invalid=\"false\" aria-required=true><\/div><\/div><div class='ff-el-group'><div class=\"ff-el-input--label ff-el-is-required asterisk-right\"><label for='ff_1_subject' id='label_ff_1_subject' aria-label=\"Sujet\">Sujet<\/label><\/div><div class='ff-el-input--content'><input type=\"text\" name=\"subject\" class=\"ff-el-form-control\" placeholder=\"Sujet\" data-name=\"subject\" id=\"ff_1_subject\"  aria-invalid=\"false\" aria-required=true><\/div><\/div><div class='ff-el-group'><div class=\"ff-el-input--label ff-el-is-required asterisk-right\"><label for='ff_1_message' id='label_ff_1_message' aria-label=\"Votre message\">Votre message<\/label><\/div><div class='ff-el-input--content'><textarea aria-required=\"true\" aria-labelledby=\"label_ff_1_message\" name=\"message\" id=\"ff_1_message\" class=\"ff-el-form-control\" placeholder=\"Votre message\" rows=\"4\" cols=\"2\" data-name=\"message\" ><\/textarea><\/div><\/div><div class='ff-el-group ff-text-left ff_submit_btn_wrapper'><button type=\"submit\" class=\"ff-btn ff-btn-submit ff-btn-md ff_btn_style wpf_has_custom_css\"  aria-label=\"Envoyer\">Envoyer<\/button><\/div><\/fieldset><\/form><div id='fluentform_1_errors' class='ff-errors-in-stack ff_form_instance_1_1 ff-form-loading_errors ff_form_instance_1_1_errors'><\/div><\/div>            <script type=\"text\/javascript\">\n                window.fluent_form_ff_form_instance_1_1 = {\"id\":\"1\",\"ajaxUrl\":\"https:\\\/\\\/ensemblepouremerainville.fr\\\/wp-admin\\\/admin-ajax.php\",\"settings\":{\"layout\":{\"labelPlacement\":\"top\",\"helpMessagePlacement\":\"with_label\",\"errorMessagePlacement\":\"inline\",\"cssClassName\":\"\",\"asteriskPlacement\":\"asterisk-right\"},\"restrictions\":{\"denyEmptySubmission\":{\"enabled\":false}}},\"form_instance\":\"ff_form_instance_1_1\",\"form_id_selector\":\"fluentform_1\",\"rules\":{\"names[first_name]\":{\"required\":{\"value\":true,\"message\":\"Ce champ est obligatoire\",\"global\":false,\"global_message\":\"Ce champ est obligatoire\"}},\"names[middle_name]\":{\"required\":{\"value\":false,\"message\":\"This field is required\",\"global\":false,\"global_message\":\"Ce champ est obligatoire\"}},\"names[last_name]\":{\"required\":{\"value\":true,\"message\":\"Ce champ est obligatoire\",\"global\":false,\"global_message\":\"Ce champ est obligatoire\"}},\"email\":{\"required\":{\"value\":true,\"message\":\"Ce champ est obligatoire\",\"global\":false,\"global_message\":\"Ce champ est obligatoire\"},\"email\":{\"value\":true,\"message\":\"Ce champ est obligatoire\",\"global\":false,\"global_message\":\"Ce champ doit contenir un e-mail valide\"}},\"subject\":{\"required\":{\"value\":true,\"message\":\"Ce champ est obligatoire\",\"global\":false,\"global_message\":\"Ce champ est obligatoire\"}},\"message\":{\"required\":{\"value\":true,\"message\":\"Ce champ est obligatoire\",\"global\":false,\"global_message\":\"Ce champ est obligatoire\"}}},\"debounce_time\":300};\n                            <\/script>\n            \n<section class=\"zoom-social-icons-shortcode\">\n\t\t\n<ul class=\"zoom-social-icons-list zoom-social-icons-list--with-canvas zoom-social-icons-list--rounded zoom-social-icons-list--align-left zoom-social-icons-list--no-labels\">\n\n\t\t\n\t\t\t\t<li class=\"zoom-social_icons-list__item\">\n\t\t<a class=\"zoom-social_icons-list__link\" href=\"https:\/\/facebook.com\/huleux.jacquesemerainville\" target=\"_blank\" title=\"Facebook\" >\n\t\t\t\t\t\t\t\t\t\n\t\t\t\t\t\t<span class=\"screen-reader-text\">facebook<\/span>\n\t\t\t\n\t\t\t\t\t\t<span class=\"zoom-social_icons-list-span social-icon socicon socicon-facebook\" data-hover-rule=\"background-color\" data-hover-color=\"#0866FF\" style=\"background-color : #00aa71; font-size: 28px; padding:10px\" ><\/span>\n\t\t\t\n\t\t\t\t\t<\/a>\n\t<\/li>\n\n\t\n\t\t\t\t<li class=\"zoom-social_icons-list__item\">\n\t\t<a class=\"zoom-social_icons-list__link\" href=\"https:\/\/instagram.com\/ensemble_pour_emerainville2026\" target=\"_blank\" title=\"Instagram\" >\n\t\t\t\t\t\t\t\t\t\n\t\t\t\t\t\t<span class=\"screen-reader-text\">instagram<\/span>\n\t\t\t\n\t\t\t\t\t\t<span class=\"zoom-social_icons-list-span social-icon socicon socicon-instagram\" data-hover-rule=\"background-color\" data-hover-color=\"#00aa71\" style=\"background-color : #00aa71; font-size: 28px; padding:10px\" ><\/span>\n\t\t\t\n\t\t\t\t\t<\/a>\n\t<\/li>\n\n\t\n<\/ul>\n\n\t\t<\/section>\n<p>&nbsp;<\/p>\n","protected":false},"excerpt":{"rendered":"<p>N&rsquo;h\u00e9siter pas \u00e0 nous contacter Nous sommes \u00e0 votre \u00e9coute. &nbsp;<\/p>\n","protected":false},"author":1,"featured_media":0,"parent":0,"menu_order":0,"comment_status":"closed","ping_status":"closed","template":"","meta":{"_bbp_topic_count":0,"_bbp_reply_count":0,"_bbp_total_topic_count":0,"_bbp_total_reply_count":0,"_bbp_voice_count":0,"_bbp_anonymous_reply_count":0,"_bbp_topic_count_hidden":0,"_bbp_reply_count_hidden":0,"_bbp_forum_subforum_count":0,"footnotes":""},"class_list":["post-79","page","type-page","status-publish","hentry"],"jetpack_sharing_enabled":false,"jetpack_shortlink":"https:\/\/wp.me\/P77sof-1h","jetpack-related-posts":[],"_links":{"self":[{"href":"https:\/\/ensemblepouremerainville.fr\/index.php?rest_route=\/wp\/v2\/pages\/79","targetHints":{"allow":["GET"]}}],"collection":[{"href":"https:\/\/ensemblepouremerainville.fr\/index.php?rest_route=\/wp\/v2\/pages"}],"about":[{"href":"https:\/\/ensemblepouremerainville.fr\/index.php?rest_route=\/wp\/v2\/types\/page"}],"author":[{"embeddable":true,"href":"https:\/\/ensemblepouremerainville.fr\/index.php?rest_route=\/wp\/v2\/users\/1"}],"replies":[{"embeddable":true,"href":"https:\/\/ensemblepouremerainville.fr\/index.php?rest_route=%2Fwp%2Fv2%2Fcomments&post=79"}],"version-history":[{"count":8,"href":"https:\/\/ensemblepouremerainville.fr\/index.php?rest_route=\/wp\/v2\/pages\/79\/revisions"}],"predecessor-version":[{"id":86,"href":"https:\/\/ensemblepouremerainville.fr\/index.php?rest_route=\/wp\/v2\/pages\/79\/revisions\/86"}],"wp:attachment":[{"href":"https:\/\/ensemblepouremerainville.fr\/index.php?rest_route=%2Fwp%2Fv2%2Fmedia&parent=79"}],"curies":[{"name":"wp","href":"https:\/\/api.w.org\/{rel}","templated":true}]}}