{"id":89,"date":"2016-01-12T16:41:02","date_gmt":"2016-01-12T16:41:02","guid":{"rendered":"http:\/\/ensemblepouremerainville.fr\/?page_id=89"},"modified":"2025-01-02T15:38:06","modified_gmt":"2025-01-02T14:38:06","slug":"qui-sommes-nous","status":"publish","type":"page","link":"https:\/\/ensemblepouremerainville.fr\/?page_id=89","title":{"rendered":"Qui sommes nous ?"},"content":{"rendered":"<h1>Nous sommes un ensemble de r\u00e9sidents<br \/>\nde la commune d\u2019Emerainville<\/h1>\n<p>&nbsp;<\/p>\n<p>&nbsp;<\/p>\n<h2><span style=\"font-size: 12pt;\"><strong>Tous en r\u00e9sidence principale<\/strong><\/span><\/h2>\n<p><span style=\"font-family: helvetica, arial, sans-serif;\">R\u00e9unis depuis l\u2019ann\u00e9e<strong>\u00a02005.<\/strong><\/span><\/p>\n<p><span style=\"font-family: helvetica, arial, sans-serif;\"><strong>Nous partageons<\/strong> un ensemble de valeurs fondamentales, comme le respect de la d\u00e9mocratie, l\u2019am\u00e9lioration<br \/>\n<\/span><span style=\"font-family: helvetica, arial, sans-serif;\">de la qualit\u00e9 de vie pour tous et la d\u00e9fense de l\u2019environnement.<\/span><\/p>\n<p><span style=\"font-family: helvetica, arial, sans-serif;\">Nous mettons nos comp\u00e9tences et nos id\u00e9es en commun pour construire et proposer des projets citoyens<br \/>\n<\/span><span style=\"font-family: helvetica, arial, sans-serif;\">pour notre ville, forts de notre connaissance des diff\u00e9rents atouts et difficult\u00e9s que nous avons constat\u00e9s et observ\u00e9s depuis de nombreuses ann\u00e9es.<\/span><\/p>\n<p><span style=\"font-family: helvetica, arial, sans-serif;\"><strong>Notre objectif<\/strong>\u00a0est de participer \u00e0 la gestion de notre commune que nous estimons nettement perfectible.<br \/>\nEn particulier, les ressources humaines et le potentiel environnemental de notre commune pourraient \u00eatre beaucoup mieux utilis\u00e9s pour am\u00e9liorer sensiblement la qualit\u00e9 de vie des Emerainvillois.<\/span><\/p>\n<p><span style=\"font-family: helvetica, arial, sans-serif;\"><strong>Imaginez<\/strong>\u00a0Emerainville avec un \u00e9coquartier en lieu et place du Clos d\u2019\u00c9mery, 2 march\u00e9s hebdomadaires avec des produits de Seine-et-Marne, un terrain de football actualis\u00e9, le covoiturage organis\u00e9, une f\u00eate de la musique envi\u00e9e\u00a0<\/span><span style=\"font-family: helvetica, arial, sans-serif;\">par nos voisins, une liaison douce entre Malnoue et le Bourg, un transport qui rapproche ces 2 quartiers.<\/span><\/p>\n<p><span style=\"font-family: helvetica, arial, sans-serif;\">Une ville citoyenne ouverte au\u00a0<strong>respect<\/strong>\u00a0et \u00e0 la participation de tous pour tous.<\/span><br \/>\n<span style=\"font-family: helvetica, arial, sans-serif;\">Une ville dont on est<strong>\u00a0fier<\/strong>\u00a0pour ces<strong>\u00a0innovations<\/strong>\u00a0et son\u00a0<strong>dynamisme<\/strong>.<br \/>\nCes projets sont possibles sans apport de finance suppl\u00e9mentaire.<\/span><\/p>\n<p><span style=\"font-family: helvetica, arial, sans-serif;\">De plus, nous avons \u00e9dict\u00e9 une<strong>\u00a0charte<\/strong>\u00a0de bonne conduite, bas\u00e9e sur le\u00a0<strong>respect<\/strong>\u00a0de la personne.<br \/>\nNotre engagement est en effet aussi li\u00e9 au fait que nous jugeons urgent de rompre avec les pratiques scandaleuses qui pr\u00e9valent \u00e0 Emerainville depuis tant d\u2019ann\u00e9es. La concentration du pouvoir entre les seules mains du maire, l\u2019impossibilit\u00e9 de d\u00e9battre &#8211; m\u00eame au sein de la majorit\u00e9 o\u00f9 pr\u00e9vaut\u00a0<strong>l\u2019ob\u00e9dience<\/strong>\u00a0, les campagnes de d\u00e9nigrement inflig\u00e9es \u00e0 ceux qui osent proposer des id\u00e9es diff\u00e9rentes, sont des faits devenus courants dans notre ville,<br \/>\nalors qu\u2019ils sont proprement\u00a0<strong>inacceptables<\/strong>\u00a0dans une d\u00e9mocratie digne de ce nom.<\/span><\/p>\n<p><span style=\"font-family: helvetica, arial, sans-serif;\">Ces pratiques d\u2019un autre \u00e2ge font d\u2019Emerainville un cas tristement \u00e0 part,<br \/>\nelles nous ont\u00a0<strong>isol\u00e9s<\/strong>\u00a0de tous nos voisins proches de la communaut\u00e9 d\u2019agglom\u00e9ration,<br \/>\nce qui prive chacun de nous des retomb\u00e9es \u00e9conomiques, sociales ou culturelles engendr\u00e9es par des collaborations que nous aurions pu construire.<\/span><\/p>\n<p>&nbsp;<\/p>\n<blockquote>\n<h3><em><span style=\"color: #8dbf36;\"><strong><span style=\"font-family: helvetica, arial, sans-serif;\">Il faut changer\u00a0! Redonner un potentiel vital \u00e0 notre ville\u00a0!<\/span><\/strong><\/span><\/em><br \/>\n<em><span style=\"color: #8dbf36;\"><strong><span style=\"font-family: helvetica, arial, sans-serif;\">C\u2019est dans cet objectif que nous nous r\u00e9unissons.<\/p>\n<p><\/span><\/strong><\/span><\/em><\/h3>\n<p>&nbsp;<\/p><\/blockquote>\n<p>&nbsp;<\/p>\n<p><strong style=\"color: #333333; font-family: 'Pontano Sans', arial, sans-serif; font-size: 16px;\"><a href=\"https:\/\/ensemblepouremerainville.fr\/index.php\/contact\/\">Nous contacter<\/a><\/strong><\/p>\n","protected":false},"excerpt":{"rendered":"<p>Nous sommes un ensemble de r\u00e9sidents de la commune d\u2019Emerainville &nbsp; &nbsp; Tous en r\u00e9sidence principale R\u00e9unis depuis l\u2019ann\u00e9e\u00a02005. Nous partageons un ensemble de valeurs fondamentales, comme le respect de la d\u00e9mocratie, l\u2019am\u00e9lioration de la qualit\u00e9 de vie pour tous et la d\u00e9fense de l\u2019environnement. Nous mettons nos comp\u00e9tences et nos id\u00e9es en commun pour&#8230; <\/p>\n<div class=\"read-more\"><a href=\"https:\/\/ensemblepouremerainville.fr\/?page_id=89\">Lire la suite<\/a><\/div>\n","protected":false},"author":1,"featured_media":0,"parent":0,"menu_order":0,"comment_status":"closed","ping_status":"closed","template":"","meta":{"footnotes":""},"class_list":["post-89","page","type-page","status-publish","hentry"],"_links":{"self":[{"href":"https:\/\/ensemblepouremerainville.fr\/index.php?rest_route=\/wp\/v2\/pages\/89","targetHints":{"allow":["GET"]}}],"collection":[{"href":"https:\/\/ensemblepouremerainville.fr\/index.php?rest_route=\/wp\/v2\/pages"}],"about":[{"href":"https:\/\/ensemblepouremerainville.fr\/index.php?rest_route=\/wp\/v2\/types\/page"}],"author":[{"embeddable":true,"href":"https:\/\/ensemblepouremerainville.fr\/index.php?rest_route=\/wp\/v2\/users\/1"}],"replies":[{"embeddable":true,"href":"https:\/\/ensemblepouremerainville.fr\/index.php?rest_route=%2Fwp%2Fv2%2Fcomments&post=89"}],"version-history":[{"count":34,"href":"https:\/\/ensemblepouremerainville.fr\/index.php?rest_route=\/wp\/v2\/pages\/89\/revisions"}],"predecessor-version":[{"id":218,"href":"https:\/\/ensemblepouremerainville.fr\/index.php?rest_route=\/wp\/v2\/pages\/89\/revisions\/218"}],"wp:attachment":[{"href":"https:\/\/ensemblepouremerainville.fr\/index.php?rest_route=%2Fwp%2Fv2%2Fmedia&parent=89"}],"curies":[{"name":"wp","href":"https:\/\/api.w.org\/{rel}","templated":true}]}}